{"id":749,"date":"2020-05-19T14:08:26","date_gmt":"2020-05-19T12:08:26","guid":{"rendered":"https:\/\/www.gs-healthcare.de\/werbeagentur-duesseldorf-koeln\/news\/?page_id=749"},"modified":"2020-06-08T14:38:25","modified_gmt":"2020-06-08T12:38:25","slug":"erep-projekte-aussendienst-webinar-corona","status":"publish","type":"page","link":"https:\/\/www.gs-healthcare.de\/werbeagentur-duesseldorf-koeln\/news\/erep-projekte-aussendienst-webinar-corona\/","title":{"rendered":"eRep"},"content":{"rendered":"\r\n<p>In Corona Zeiten:<\/p>\r\n<h3>Wie findet man flexible Wege zum\u00a0 Arzt oder Apotheker?<\/h3>\r\n<h1>Mit eRep und schnell umsetzbaren Telefonprojekten<\/h1>\r\n<p><img decoding=\"async\" loading=\"lazy\" title=\"sabine-meusel-foto.1024x1024\" src=\"https:\/\/www.gs-healthcare.de\/werbeagentur-duesseldorf-koeln\/news\/wp-content\/uploads\/2020\/04\/sabine-meusel-foto.1024x1024-300x300.jpg\" alt=\"sabine-meusel-foto.1024x1024\" width=\"300\" height=\"300\" \/><\/p>\r\n<p>Verfasst von Sabine Meusel, Gesch\u00e4ftsf\u00fchrerin der meusel healthcare Datum: 18.05.2020<\/p>\r\n<h3>Der Au\u00dfendienst ist immer noch die Nummer 1 in der Verteilung von aktuellen Informationen zu Neuerungen im Bereich Rx, OTC, OTx und Medizintechnik. Das zeigen aktuelle Ergebnisse der LA-MED Befragung. \u2028Aktuell sitzen die Vertriebs-Mannschaften im Home-Office und m\u00fcssen ohne gro\u00dfe Change Management Prozesse an den Telefon-Vertrieb oder eRep-Vertrieb herangef\u00fchrt werden.<\/h3>\r\n<p>&nbsp;<\/p>\r\n<h1><strong>Wie managed man das an k\u00fcrzester Zeit?<\/strong><\/h1>\r\n<p>&nbsp;<\/p>\r\n<h3>\u00a0<\/h3>\r\n<h3>Mit einfachen Telefon-Au\u00dfendienst- und eRep-Projekten,<br \/>die die Bed\u00fcrfnisse der Zielgruppe in Corona-Zeiten abdecken.<\/h3>\r\n<p>&nbsp;<\/p>\r\n<h1><strong>Hier gibt es verschiedene Alternativen:<\/strong><\/h1>\r\n<h1><strong>#Action Selling mit Corona-relevanten Materialien<\/strong><\/h1>\r\n<h3>Praktikable Vertriebsprojekte sind in der Pharma-Industrie derzeit sehr gefragt. Mit passenden und sinnvollen Dingen f\u00fcr den Alltag kann die Kommunikation der Kernbotschaften \u00fcber Telefon-Gespr\u00e4che aufmerksamkeitsstark unterst\u00fctzt werden. Schnell umsetzbar mit Gespr\u00e4chsleitfaden und Kurzschulung.<\/h3>\r\n<p><a role=\"button\" href=\"mailto:info@gs-healthcare.de\" target=\"_self\" rel=\"noopener noreferrer\"> Hier Case anfordern <\/a><\/p>\r\n<h1><strong># Interaktives Webinar<\/strong><\/h1>\r\n<h3>Webinare sind aus Gr\u00fcnden der Zeitersparnis, der Flexibilit\u00e4t, der individuellen Nutzbarkeit und nicht zuletzt der Hygienebedingungen ein zunehmend gerne genutztes und in diesen Zeiten geradezu perfektes Tool f\u00fcr Wissensvermittlung und Kundenbindung. Die Rekrutierung der Teilnehmer bietet bei der Nutzung unterschiedlichster Kan\u00e4le zudem die M\u00f6glichkeit f\u00fcr weitere Kundenkontakte. Ein bedarfsgerechtes L\u00f6sungsmodell in Corona-Zeiten.<\/h3>\r\n<p><a role=\"button\" href=\"mailto:info@gs-healthcare.de\" target=\"_self\" rel=\"noopener noreferrer\"> Hier Case anfordern <\/a><\/p>\r\n<h1><strong># Multichannel f\u00fcr Apotheken aus Mail, Fax und Call<\/strong><\/h1>\r\n<h3>Nat\u00fcrlich ist der pers\u00f6nliche Kontakt gerade in der Pharma-Kommunikation wichtig. Aber insgesamt und besonders in diesen Zeiten sind im Rahmen kombinierter Modelle eRep-Ma\u00dfnahmen immer gefragter. Hierbei kommt es darauf an, in einem gezielt abgestimmten Multichannel-Mix die M\u00f6glichkeiten der Kontaktaufnahme zu nutzen und den Vertrieb so flexibel zu steuern.<\/h3>\r\n<p><a role=\"button\" href=\"mailto:info@gs-healthcare.de\" target=\"_self\" rel=\"noopener noreferrer\"> Hier Case anfordern <\/a><\/p>\r\n<h1><strong>Nicht zu lange \u00fcberlegen!<\/strong><\/h1>\r\n<h3>Wir beraten Sie gerne bei eRep und Telefonprojekten!<br \/>Sie gewinnen immer, denn eRep Projekte sind in Corona Zeiten der gewohnte Weg zum Vertrieb.<\/h3>\r\n<h1><strong>Sie w\u00fcnschen mehr Informationen<br \/>und ein Angebot?<\/strong><\/h1>\r\n<p><a role=\"button\" href=\"mailto:info@gs-healthcare.de\" target=\"_self\" rel=\"noopener noreferrer\"> Kontaktieren Sie uns! <\/a><\/p>\r\n","protected":false},"excerpt":{"rendered":"<p>In Corona Zeiten: Wie findet man flexible Wege zum\u00a0 Arzt oder Apotheker? Mit eRep und schnell umsetzbaren Telefonprojekten Verfasst von Sabine Meusel, Gesch\u00e4ftsf\u00fchrerin der meusel healthcare Datum: 18.05.2020 Der Au\u00dfendienst ist immer noch die Nummer 1 in der Verteilung von aktuellen Informationen zu Neuerungen im Bereich Rx, OTC, OTx und Medizintechnik. Das zeigen aktuelle Ergebnisse &hellip;<\/p>\n<p class=\"read-more\"> <a class=\"\" href=\"https:\/\/www.gs-healthcare.de\/werbeagentur-duesseldorf-koeln\/news\/erep-projekte-aussendienst-webinar-corona\/\"> <span class=\"screen-reader-text\">eRep<\/span> Read More \u00bb<\/a><\/p>\n","protected":false},"author":2,"featured_media":0,"parent":0,"menu_order":0,"comment_status":"closed","ping_status":"closed","template":"","meta":{"site-sidebar-layout":"no-sidebar","site-content-layout":"page-builder","ast-global-header-display":"","ast-main-header-display":"","ast-hfb-above-header-display":"","ast-hfb-below-header-display":"","ast-hfb-mobile-header-display":"","site-post-title":"disabled","ast-breadcrumbs-content":"","ast-featured-img":"disabled","footer-sml-layout":"","theme-transparent-header-meta":"default","adv-header-id-meta":"","stick-header-meta":"default","header-above-stick-meta":"","header-main-stick-meta":"","header-below-stick-meta":""},"yoast_head":"<!-- This site is optimized with the Yoast SEO plugin v20.1 - https:\/\/yoast.com\/wordpress\/plugins\/seo\/ -->\n<title>Agentur meusel healthcare: flexible Wege zu Arzt &amp; Apotheker<\/title>\n<meta name=\"description\" content=\"Mit eRep und Telefonprojekten kann Ihr AD auch im Homo-Office den Kontakt zur Zielgruppe halten und den Vertrieb steuern \u2192 Jetzt einfache L\u00f6sungen anfragen.\" \/>\n<meta name=\"robots\" content=\"index, follow, max-snippet:-1, max-image-preview:large, max-video-preview:-1\" \/>\n<link rel=\"canonical\" href=\"https:\/\/www.gs-healthcare.de\/werbeagentur-duesseldorf-koeln\/news\/erep-projekte-aussendienst-webinar-corona\/\" \/>\n<meta property=\"og:locale\" content=\"de_DE\" \/>\n<meta property=\"og:type\" content=\"article\" \/>\n<meta property=\"og:title\" content=\"Agentur meusel healthcare: flexible Wege zu Arzt &amp; Apotheker\" \/>\n<meta property=\"og:description\" content=\"Mit eRep und Telefonprojekten kann Ihr AD auch im Homo-Office den Kontakt zur Zielgruppe halten und den Vertrieb steuern \u2192 Jetzt einfache L\u00f6sungen anfragen.\" \/>\n<meta property=\"og:url\" content=\"https:\/\/www.gs-healthcare.de\/werbeagentur-duesseldorf-koeln\/news\/erep-projekte-aussendienst-webinar-corona\/\" \/>\n<meta property=\"og:site_name\" content=\"Meusel Healthcare News\" \/>\n<meta property=\"article:modified_time\" content=\"2020-06-08T12:38:25+00:00\" \/>\n<meta property=\"og:image\" content=\"https:\/\/www.gs-healthcare.de\/werbeagentur-duesseldorf-koeln\/news\/wp-content\/uploads\/2020\/04\/sabine-meusel-foto.1024x1024-300x300.jpg\" \/>\n<meta name=\"twitter:card\" content=\"summary_large_image\" \/>\n<meta name=\"twitter:label1\" content=\"Gesch\u00e4tzte Lesezeit\" \/>\n\t<meta name=\"twitter:data1\" content=\"2\u00a0Minuten\" \/>\n<script type=\"application\/ld+json\" class=\"yoast-schema-graph\">{\"@context\":\"https:\/\/schema.org\",\"@graph\":[{\"@type\":\"WebPage\",\"@id\":\"https:\/\/www.gs-healthcare.de\/werbeagentur-duesseldorf-koeln\/news\/erep-projekte-aussendienst-webinar-corona\/\",\"url\":\"https:\/\/www.gs-healthcare.de\/werbeagentur-duesseldorf-koeln\/news\/erep-projekte-aussendienst-webinar-corona\/\",\"name\":\"Agentur meusel healthcare: flexible Wege zu Arzt & Apotheker\",\"isPartOf\":{\"@id\":\"https:\/\/www.gs-healthcare.de\/werbeagentur-duesseldorf-koeln\/news\/#website\"},\"datePublished\":\"2020-05-19T12:08:26+00:00\",\"dateModified\":\"2020-06-08T12:38:25+00:00\",\"description\":\"Mit eRep und Telefonprojekten kann Ihr AD auch im Homo-Office den Kontakt zur Zielgruppe halten und den Vertrieb steuern \u2192 Jetzt einfache L\u00f6sungen anfragen.\",\"breadcrumb\":{\"@id\":\"https:\/\/www.gs-healthcare.de\/werbeagentur-duesseldorf-koeln\/news\/erep-projekte-aussendienst-webinar-corona\/#breadcrumb\"},\"inLanguage\":\"de\",\"potentialAction\":[{\"@type\":\"ReadAction\",\"target\":[\"https:\/\/www.gs-healthcare.de\/werbeagentur-duesseldorf-koeln\/news\/erep-projekte-aussendienst-webinar-corona\/\"]}]},{\"@type\":\"BreadcrumbList\",\"@id\":\"https:\/\/www.gs-healthcare.de\/werbeagentur-duesseldorf-koeln\/news\/erep-projekte-aussendienst-webinar-corona\/#breadcrumb\",\"itemListElement\":[{\"@type\":\"ListItem\",\"position\":1,\"name\":\"Startseite\",\"item\":\"https:\/\/www.gs-healthcare.de\/werbeagentur-duesseldorf-koeln\/news\/\"},{\"@type\":\"ListItem\",\"position\":2,\"name\":\"eRep\"}]},{\"@type\":\"WebSite\",\"@id\":\"https:\/\/www.gs-healthcare.de\/werbeagentur-duesseldorf-koeln\/news\/#website\",\"url\":\"https:\/\/www.gs-healthcare.de\/werbeagentur-duesseldorf-koeln\/news\/\",\"name\":\"Meusel Healthcare News\",\"description\":\"Werbe- und Fachagentur f\u00fcr Gesundheitkommunikation\",\"publisher\":{\"@id\":\"https:\/\/www.gs-healthcare.de\/werbeagentur-duesseldorf-koeln\/news\/#organization\"},\"potentialAction\":[{\"@type\":\"SearchAction\",\"target\":{\"@type\":\"EntryPoint\",\"urlTemplate\":\"https:\/\/www.gs-healthcare.de\/werbeagentur-duesseldorf-koeln\/news\/?s={search_term_string}\"},\"query-input\":\"required name=search_term_string\"}],\"inLanguage\":\"de\"},{\"@type\":\"Organization\",\"@id\":\"https:\/\/www.gs-healthcare.de\/werbeagentur-duesseldorf-koeln\/news\/#organization\",\"name\":\"meusel healthcare Gmbh & Co. KG\",\"url\":\"https:\/\/www.gs-healthcare.de\/werbeagentur-duesseldorf-koeln\/news\/\",\"logo\":{\"@type\":\"ImageObject\",\"inLanguage\":\"de\",\"@id\":\"https:\/\/www.gs-healthcare.de\/werbeagentur-duesseldorf-koeln\/news\/#\/schema\/logo\/image\/\",\"url\":\"https:\/\/www.gs-healthcare.de\/werbeagentur-duesseldorf-koeln\/news\/wp-content\/uploads\/2019\/08\/logo_meusel_healthcare.png\",\"contentUrl\":\"https:\/\/www.gs-healthcare.de\/werbeagentur-duesseldorf-koeln\/news\/wp-content\/uploads\/2019\/08\/logo_meusel_healthcare.png\",\"width\":129,\"height\":49,\"caption\":\"meusel healthcare Gmbh & Co. KG\"},\"image\":{\"@id\":\"https:\/\/www.gs-healthcare.de\/werbeagentur-duesseldorf-koeln\/news\/#\/schema\/logo\/image\/\"}}]}<\/script>\n<!-- \/ Yoast SEO plugin. -->","yoast_head_json":{"title":"Agentur meusel healthcare: flexible Wege zu Arzt & Apotheker","description":"Mit eRep und Telefonprojekten kann Ihr AD auch im Homo-Office den Kontakt zur Zielgruppe halten und den Vertrieb steuern \u2192 Jetzt einfache L\u00f6sungen anfragen.","robots":{"index":"index","follow":"follow","max-snippet":"max-snippet:-1","max-image-preview":"max-image-preview:large","max-video-preview":"max-video-preview:-1"},"canonical":"https:\/\/www.gs-healthcare.de\/werbeagentur-duesseldorf-koeln\/news\/erep-projekte-aussendienst-webinar-corona\/","og_locale":"de_DE","og_type":"article","og_title":"Agentur meusel healthcare: flexible Wege zu Arzt & Apotheker","og_description":"Mit eRep und Telefonprojekten kann Ihr AD auch im Homo-Office den Kontakt zur Zielgruppe halten und den Vertrieb steuern \u2192 Jetzt einfache L\u00f6sungen anfragen.","og_url":"https:\/\/www.gs-healthcare.de\/werbeagentur-duesseldorf-koeln\/news\/erep-projekte-aussendienst-webinar-corona\/","og_site_name":"Meusel Healthcare News","article_modified_time":"2020-06-08T12:38:25+00:00","og_image":[{"url":"https:\/\/www.gs-healthcare.de\/werbeagentur-duesseldorf-koeln\/news\/wp-content\/uploads\/2020\/04\/sabine-meusel-foto.1024x1024-300x300.jpg"}],"twitter_card":"summary_large_image","twitter_misc":{"Gesch\u00e4tzte Lesezeit":"2\u00a0Minuten"},"schema":{"@context":"https:\/\/schema.org","@graph":[{"@type":"WebPage","@id":"https:\/\/www.gs-healthcare.de\/werbeagentur-duesseldorf-koeln\/news\/erep-projekte-aussendienst-webinar-corona\/","url":"https:\/\/www.gs-healthcare.de\/werbeagentur-duesseldorf-koeln\/news\/erep-projekte-aussendienst-webinar-corona\/","name":"Agentur meusel healthcare: flexible Wege zu Arzt & Apotheker","isPartOf":{"@id":"https:\/\/www.gs-healthcare.de\/werbeagentur-duesseldorf-koeln\/news\/#website"},"datePublished":"2020-05-19T12:08:26+00:00","dateModified":"2020-06-08T12:38:25+00:00","description":"Mit eRep und Telefonprojekten kann Ihr AD auch im Homo-Office den Kontakt zur Zielgruppe halten und den Vertrieb steuern \u2192 Jetzt einfache L\u00f6sungen anfragen.","breadcrumb":{"@id":"https:\/\/www.gs-healthcare.de\/werbeagentur-duesseldorf-koeln\/news\/erep-projekte-aussendienst-webinar-corona\/#breadcrumb"},"inLanguage":"de","potentialAction":[{"@type":"ReadAction","target":["https:\/\/www.gs-healthcare.de\/werbeagentur-duesseldorf-koeln\/news\/erep-projekte-aussendienst-webinar-corona\/"]}]},{"@type":"BreadcrumbList","@id":"https:\/\/www.gs-healthcare.de\/werbeagentur-duesseldorf-koeln\/news\/erep-projekte-aussendienst-webinar-corona\/#breadcrumb","itemListElement":[{"@type":"ListItem","position":1,"name":"Startseite","item":"https:\/\/www.gs-healthcare.de\/werbeagentur-duesseldorf-koeln\/news\/"},{"@type":"ListItem","position":2,"name":"eRep"}]},{"@type":"WebSite","@id":"https:\/\/www.gs-healthcare.de\/werbeagentur-duesseldorf-koeln\/news\/#website","url":"https:\/\/www.gs-healthcare.de\/werbeagentur-duesseldorf-koeln\/news\/","name":"Meusel Healthcare News","description":"Werbe- und Fachagentur f\u00fcr Gesundheitkommunikation","publisher":{"@id":"https:\/\/www.gs-healthcare.de\/werbeagentur-duesseldorf-koeln\/news\/#organization"},"potentialAction":[{"@type":"SearchAction","target":{"@type":"EntryPoint","urlTemplate":"https:\/\/www.gs-healthcare.de\/werbeagentur-duesseldorf-koeln\/news\/?s={search_term_string}"},"query-input":"required name=search_term_string"}],"inLanguage":"de"},{"@type":"Organization","@id":"https:\/\/www.gs-healthcare.de\/werbeagentur-duesseldorf-koeln\/news\/#organization","name":"meusel healthcare Gmbh & Co. KG","url":"https:\/\/www.gs-healthcare.de\/werbeagentur-duesseldorf-koeln\/news\/","logo":{"@type":"ImageObject","inLanguage":"de","@id":"https:\/\/www.gs-healthcare.de\/werbeagentur-duesseldorf-koeln\/news\/#\/schema\/logo\/image\/","url":"https:\/\/www.gs-healthcare.de\/werbeagentur-duesseldorf-koeln\/news\/wp-content\/uploads\/2019\/08\/logo_meusel_healthcare.png","contentUrl":"https:\/\/www.gs-healthcare.de\/werbeagentur-duesseldorf-koeln\/news\/wp-content\/uploads\/2019\/08\/logo_meusel_healthcare.png","width":129,"height":49,"caption":"meusel healthcare Gmbh & Co. KG"},"image":{"@id":"https:\/\/www.gs-healthcare.de\/werbeagentur-duesseldorf-koeln\/news\/#\/schema\/logo\/image\/"}}]}},"_links":{"self":[{"href":"https:\/\/www.gs-healthcare.de\/werbeagentur-duesseldorf-koeln\/news\/wp-json\/wp\/v2\/pages\/749"}],"collection":[{"href":"https:\/\/www.gs-healthcare.de\/werbeagentur-duesseldorf-koeln\/news\/wp-json\/wp\/v2\/pages"}],"about":[{"href":"https:\/\/www.gs-healthcare.de\/werbeagentur-duesseldorf-koeln\/news\/wp-json\/wp\/v2\/types\/page"}],"author":[{"embeddable":true,"href":"https:\/\/www.gs-healthcare.de\/werbeagentur-duesseldorf-koeln\/news\/wp-json\/wp\/v2\/users\/2"}],"replies":[{"embeddable":true,"href":"https:\/\/www.gs-healthcare.de\/werbeagentur-duesseldorf-koeln\/news\/wp-json\/wp\/v2\/comments?post=749"}],"version-history":[{"count":5,"href":"https:\/\/www.gs-healthcare.de\/werbeagentur-duesseldorf-koeln\/news\/wp-json\/wp\/v2\/pages\/749\/revisions"}],"predecessor-version":[{"id":777,"href":"https:\/\/www.gs-healthcare.de\/werbeagentur-duesseldorf-koeln\/news\/wp-json\/wp\/v2\/pages\/749\/revisions\/777"}],"wp:attachment":[{"href":"https:\/\/www.gs-healthcare.de\/werbeagentur-duesseldorf-koeln\/news\/wp-json\/wp\/v2\/media?parent=749"}],"curies":[{"name":"wp","href":"https:\/\/api.w.org\/{rel}","templated":true}]}}