{"id":677,"date":"2020-04-20T09:11:15","date_gmt":"2020-04-20T07:11:15","guid":{"rendered":"https:\/\/www.gs-healthcare.de\/werbeagentur-duesseldorf-koeln\/news\/?page_id=677"},"modified":"2022-07-21T15:13:52","modified_gmt":"2022-07-21T13:13:52","slug":"digitale-messe","status":"publish","type":"page","link":"https:\/\/www.gs-healthcare.de\/werbeagentur-duesseldorf-koeln\/news\/digitale-messe\/","title":{"rendered":"Digitale Messe"},"content":{"rendered":"\r\n<h1><b>\u00c4rzte Kongress abgesagt? <\/b><\/h1>\r\n<h1><b>So kommen Sie zum virtuellen oder digitalen Kongress.<\/b><\/h1>\r\n<p><img decoding=\"async\" loading=\"lazy\" title=\"sabine-meusel-foto.1024x1024\" src=\"https:\/\/www.gs-healthcare.de\/werbeagentur-duesseldorf-koeln\/news\/wp-content\/uploads\/2020\/04\/sabine-meusel-foto.1024x1024-300x300.jpg\" alt=\"sabine-meusel-foto.1024x1024\" width=\"300\" height=\"300\" \/><\/p>\r\n<p>Verfasst von Sabine Meusel, Gesch\u00e4ftsf\u00fchrerin der meusel healthcare Datum: 21.04.2020<\/p>\r\n<h3>Viele Pharma- und Medizintechnik-Unternehmen stehen derzeit vor einem gro\u00dfen Fragezeichen. \u00c4rzte-Kongresse sind aufgrund der Corona-Pandemie verschoben und wichtige Studien und Daten, Neu-Einf\u00fchrungen, Produkt-Launches, Indikationserweiterungen, die im Rahmen eines nationalen, europ\u00e4ischen oder internationalen Kongresses vorgestellt werden sollten, k\u00f6nnen nicht kommuniziert werden.<\/h3>\r\n<h1><strong>Doch, was tun?<\/strong><\/h1>\r\n<h3>Einige Pharma- und Medizintechnik-Unternehmen haben eine M\u00f6glichkeit gefunden in der Corona-Krise trotzdem ihre Botschaften in der Zielgruppe zu platzieren: Mit <strong>digitalen oder virtuellen Messen<\/strong>. Sie haben das Potential erkannt und \u00f6ffnen nach Kongress-Absage eine virtuelle oder digitale Kongress-Teilnahme.<\/h3>\r\n<p>&nbsp;<\/p>\r\n<h1><strong>Hier gibt es verschiedene Alternativen:<\/strong><\/h1>\r\n<h1><b>#1 Interaktives Webinar<\/b><\/h1>\r\n<h3>W\u00e4hrend der Vortag eins KOL`s oder Referenten gestreamt wird, kann per Chat Funktion durch die Teilnehmer Fragen gestellt werden. Hier ben\u00f6tigt man in der Regel einen Referenten und einen Moderator, der die Chat Fragen moderiert und ins Webinar einbringt.<\/h3>\r\n<p><a role=\"button\" href=\"mailto:info@gs-healthcare.de\" target=\"_self\" rel=\"noopener noreferrer\"> Anfrage <\/a><\/p>\r\n<h1><b>#2 Live Streaming Kongress<\/b><\/h1>\r\n<h3>Das tolle am Live Streaming ist, dass die Zuschauer dem Referenten direkt Fragen stellen k\u00f6nnen und diese auch direkt beantwortet werden k\u00f6nnen. Ihre Kunden f\u00fchlen sich abgeholt und gesehen!<\/h3>\r\n<p><a role=\"button\" href=\"mailto:info@gs-healthcare.de\" target=\"_self\" rel=\"noopener noreferrer\"> Anfrage <\/a><\/p>\r\n<h1><b>#3 Die virtuelle Messe<\/b><\/h1>\r\n<h3><strong>Hier geht es um die Kombination! <\/strong><\/h3>\r\n<h3>In diesem Konzept wird der virtuelle Messestand mit dem interaktiven Webinar und dem Live-Streaming-Kongress kombiniert. Live-Chat und virtuelle Chat-Portale am Messestand mit Produkt-Pr\u00e4sentation-M\u00f6glichkeiten:<\/h3>\r\n<h3><strong>Flexible Module am Messestand, z.B. Video-Screen oder Download-Bereich.<\/strong><\/h3>\r\n<h3><strong>Live-Chat zwischen Besucher und Standpersonal.<\/strong><\/h3>\r\n<p><a role=\"button\" href=\"mailto:info@gs-healthcare.de\" target=\"_self\" rel=\"noopener noreferrer\"> Anfrage <\/a><\/p>\r\n<h3>Eine virtuelle oder digitale Messe muss nicht auf einen bestimmten Zeitraum zur Verf\u00fcgung gestellt werden, sondern kann via Homepage auf einen l\u00e4ngeren Zeitraum ausgedehnt werden.<\/h3>\r\n<p>&nbsp;<\/p>\r\n<h2><strong>Ihr Kongress liegt nach dem 31. August<br \/>und Sie wissen nicht wie Sie planen sollen?<\/strong><\/h2>\r\n<h1><strong>Planen Sie ein<\/strong><\/h1>\r\n<h1><b>Hybrid-Event.<\/b><\/h1>\r\n<h3>Bei einer hybriden Veranstaltung werden Online-Teilnehmer Deutschland, europaweit oder auf der ganzen Welt live in ihre Pr\u00e4senzveranstaltung oder ihren Messestand eingebunden. Durch die erh\u00f6hte Reichweite k\u00f6nnen noch mehr G\u00e4ste an Ihrem Event teilnehmen, Ihre Veranstaltung wird innovativer und Sie schonen die Umwelt.<\/h3>\r\n<h3><strong>\u00dcbrigens! Vier unserer Bestandskunden vertrauen unserer Empfehlung seit Wochen und habe ihren Kongress auf eine Hybrid-L\u00f6sung umgestellt.<\/strong><\/h3>\r\n<p><a role=\"button\" href=\"mailto:info@gs-healthcare.de\" target=\"_self\" rel=\"noopener noreferrer\"> Anfrage <\/a><\/p>\r\n<h1><strong>\u00c4rgern Sie sich nicht zu lange!<\/strong><\/h1>\r\n<h3><strong>Buchen Sie bei uns einen virtuellen oder digitalen Kongress!<\/strong> <br \/>Sie gewinnen immer, denn digitaler Content wirkt immer \u00fcber den <br \/>Kongress hinaus.<\/h3>\r\n<h1><strong>Sie w\u00fcnschen mehr Informationen<br \/>und ein Angebot?<\/strong><\/h1>\r\n<p><a role=\"button\" href=\"mailto:info@gs-healthcare.de\" target=\"_self\" rel=\"noopener noreferrer\"> Kontaktieren Sie uns! <\/a><\/p>\r\n","protected":false},"excerpt":{"rendered":"<p>\u00c4rzte Kongress abgesagt? So kommen Sie zum virtuellen oder digitalen Kongress. Verfasst von Sabine Meusel, Gesch\u00e4ftsf\u00fchrerin der meusel healthcare Datum: 21.04.2020 Viele Pharma- und Medizintechnik-Unternehmen stehen derzeit vor einem gro\u00dfen Fragezeichen. \u00c4rzte-Kongresse sind aufgrund der Corona-Pandemie verschoben und wichtige Studien und Daten, Neu-Einf\u00fchrungen, Produkt-Launches, Indikationserweiterungen, die im Rahmen eines nationalen, europ\u00e4ischen oder internationalen Kongresses vorgestellt &hellip;<\/p>\n<p class=\"read-more\"> <a class=\"\" href=\"https:\/\/www.gs-healthcare.de\/werbeagentur-duesseldorf-koeln\/news\/digitale-messe\/\"> <span class=\"screen-reader-text\">Digitale Messe<\/span> Read More \u00bb<\/a><\/p>\n","protected":false},"author":2,"featured_media":0,"parent":0,"menu_order":0,"comment_status":"closed","ping_status":"closed","template":"","meta":{"site-sidebar-layout":"no-sidebar","site-content-layout":"page-builder","ast-global-header-display":"","ast-main-header-display":"","ast-hfb-above-header-display":"","ast-hfb-below-header-display":"","ast-hfb-mobile-header-display":"","site-post-title":"disabled","ast-breadcrumbs-content":"","ast-featured-img":"disabled","footer-sml-layout":"","theme-transparent-header-meta":"default","adv-header-id-meta":"","stick-header-meta":"default","header-above-stick-meta":"","header-main-stick-meta":"","header-below-stick-meta":""},"yoast_head":"<!-- This site is optimized with the Yoast SEO plugin v20.1 - https:\/\/yoast.com\/wordpress\/plugins\/seo\/ -->\n<title>Agentur meusel healthcare: bietet digitale Kongress-L\u00f6sungen<\/title>\n<meta name=\"description\" content=\"Gehen Sie online \u2013 mit einer Live Streaming Veranstaltung, einem interaktiven Webinar, einem virtuellen Event \u2192 Jetzt Angebot anfragen.\" \/>\n<meta name=\"robots\" content=\"index, follow, max-snippet:-1, max-image-preview:large, max-video-preview:-1\" \/>\n<link rel=\"canonical\" href=\"https:\/\/www.gs-healthcare.de\/werbeagentur-duesseldorf-koeln\/news\/digitale-messe\/\" \/>\n<meta property=\"og:locale\" content=\"de_DE\" \/>\n<meta property=\"og:type\" content=\"article\" \/>\n<meta property=\"og:title\" content=\"Agentur meusel healthcare: bietet digitale Kongress-L\u00f6sungen\" \/>\n<meta property=\"og:description\" content=\"Gehen Sie online \u2013 mit einer Live Streaming Veranstaltung, einem interaktiven Webinar, einem virtuellen Event \u2192 Jetzt Angebot anfragen.\" \/>\n<meta property=\"og:url\" content=\"https:\/\/www.gs-healthcare.de\/werbeagentur-duesseldorf-koeln\/news\/digitale-messe\/\" \/>\n<meta property=\"og:site_name\" content=\"Meusel Healthcare News\" \/>\n<meta property=\"article:modified_time\" content=\"2022-07-21T13:13:52+00:00\" \/>\n<meta property=\"og:image\" content=\"https:\/\/www.gs-healthcare.de\/werbeagentur-duesseldorf-koeln\/news\/wp-content\/uploads\/2020\/04\/sabine-meusel-foto.1024x1024-300x300.jpg\" \/>\n<meta name=\"twitter:card\" content=\"summary_large_image\" \/>\n<meta name=\"twitter:label1\" content=\"Gesch\u00e4tzte Lesezeit\" \/>\n\t<meta name=\"twitter:data1\" content=\"2\u00a0Minuten\" \/>\n<script type=\"application\/ld+json\" class=\"yoast-schema-graph\">{\"@context\":\"https:\/\/schema.org\",\"@graph\":[{\"@type\":\"WebPage\",\"@id\":\"https:\/\/www.gs-healthcare.de\/werbeagentur-duesseldorf-koeln\/news\/digitale-messe\/\",\"url\":\"https:\/\/www.gs-healthcare.de\/werbeagentur-duesseldorf-koeln\/news\/digitale-messe\/\",\"name\":\"Agentur meusel healthcare: bietet digitale Kongress-L\u00f6sungen\",\"isPartOf\":{\"@id\":\"https:\/\/www.gs-healthcare.de\/werbeagentur-duesseldorf-koeln\/news\/#website\"},\"datePublished\":\"2020-04-20T07:11:15+00:00\",\"dateModified\":\"2022-07-21T13:13:52+00:00\",\"description\":\"Gehen Sie online \u2013 mit einer Live Streaming Veranstaltung, einem interaktiven Webinar, einem virtuellen Event \u2192 Jetzt Angebot anfragen.\",\"breadcrumb\":{\"@id\":\"https:\/\/www.gs-healthcare.de\/werbeagentur-duesseldorf-koeln\/news\/digitale-messe\/#breadcrumb\"},\"inLanguage\":\"de\",\"potentialAction\":[{\"@type\":\"ReadAction\",\"target\":[\"https:\/\/www.gs-healthcare.de\/werbeagentur-duesseldorf-koeln\/news\/digitale-messe\/\"]}]},{\"@type\":\"BreadcrumbList\",\"@id\":\"https:\/\/www.gs-healthcare.de\/werbeagentur-duesseldorf-koeln\/news\/digitale-messe\/#breadcrumb\",\"itemListElement\":[{\"@type\":\"ListItem\",\"position\":1,\"name\":\"Startseite\",\"item\":\"https:\/\/www.gs-healthcare.de\/werbeagentur-duesseldorf-koeln\/news\/\"},{\"@type\":\"ListItem\",\"position\":2,\"name\":\"Digitale Messe\"}]},{\"@type\":\"WebSite\",\"@id\":\"https:\/\/www.gs-healthcare.de\/werbeagentur-duesseldorf-koeln\/news\/#website\",\"url\":\"https:\/\/www.gs-healthcare.de\/werbeagentur-duesseldorf-koeln\/news\/\",\"name\":\"Meusel Healthcare News\",\"description\":\"Werbe- und Fachagentur f\u00fcr Gesundheitkommunikation\",\"publisher\":{\"@id\":\"https:\/\/www.gs-healthcare.de\/werbeagentur-duesseldorf-koeln\/news\/#organization\"},\"potentialAction\":[{\"@type\":\"SearchAction\",\"target\":{\"@type\":\"EntryPoint\",\"urlTemplate\":\"https:\/\/www.gs-healthcare.de\/werbeagentur-duesseldorf-koeln\/news\/?s={search_term_string}\"},\"query-input\":\"required name=search_term_string\"}],\"inLanguage\":\"de\"},{\"@type\":\"Organization\",\"@id\":\"https:\/\/www.gs-healthcare.de\/werbeagentur-duesseldorf-koeln\/news\/#organization\",\"name\":\"meusel healthcare Gmbh & Co. KG\",\"url\":\"https:\/\/www.gs-healthcare.de\/werbeagentur-duesseldorf-koeln\/news\/\",\"logo\":{\"@type\":\"ImageObject\",\"inLanguage\":\"de\",\"@id\":\"https:\/\/www.gs-healthcare.de\/werbeagentur-duesseldorf-koeln\/news\/#\/schema\/logo\/image\/\",\"url\":\"https:\/\/www.gs-healthcare.de\/werbeagentur-duesseldorf-koeln\/news\/wp-content\/uploads\/2019\/08\/logo_meusel_healthcare.png\",\"contentUrl\":\"https:\/\/www.gs-healthcare.de\/werbeagentur-duesseldorf-koeln\/news\/wp-content\/uploads\/2019\/08\/logo_meusel_healthcare.png\",\"width\":129,\"height\":49,\"caption\":\"meusel healthcare Gmbh & Co. KG\"},\"image\":{\"@id\":\"https:\/\/www.gs-healthcare.de\/werbeagentur-duesseldorf-koeln\/news\/#\/schema\/logo\/image\/\"}}]}<\/script>\n<!-- \/ Yoast SEO plugin. -->","yoast_head_json":{"title":"Agentur meusel healthcare: bietet digitale Kongress-L\u00f6sungen","description":"Gehen Sie online \u2013 mit einer Live Streaming Veranstaltung, einem interaktiven Webinar, einem virtuellen Event \u2192 Jetzt Angebot anfragen.","robots":{"index":"index","follow":"follow","max-snippet":"max-snippet:-1","max-image-preview":"max-image-preview:large","max-video-preview":"max-video-preview:-1"},"canonical":"https:\/\/www.gs-healthcare.de\/werbeagentur-duesseldorf-koeln\/news\/digitale-messe\/","og_locale":"de_DE","og_type":"article","og_title":"Agentur meusel healthcare: bietet digitale Kongress-L\u00f6sungen","og_description":"Gehen Sie online \u2013 mit einer Live Streaming Veranstaltung, einem interaktiven Webinar, einem virtuellen Event \u2192 Jetzt Angebot anfragen.","og_url":"https:\/\/www.gs-healthcare.de\/werbeagentur-duesseldorf-koeln\/news\/digitale-messe\/","og_site_name":"Meusel Healthcare News","article_modified_time":"2022-07-21T13:13:52+00:00","og_image":[{"url":"https:\/\/www.gs-healthcare.de\/werbeagentur-duesseldorf-koeln\/news\/wp-content\/uploads\/2020\/04\/sabine-meusel-foto.1024x1024-300x300.jpg"}],"twitter_card":"summary_large_image","twitter_misc":{"Gesch\u00e4tzte Lesezeit":"2\u00a0Minuten"},"schema":{"@context":"https:\/\/schema.org","@graph":[{"@type":"WebPage","@id":"https:\/\/www.gs-healthcare.de\/werbeagentur-duesseldorf-koeln\/news\/digitale-messe\/","url":"https:\/\/www.gs-healthcare.de\/werbeagentur-duesseldorf-koeln\/news\/digitale-messe\/","name":"Agentur meusel healthcare: bietet digitale Kongress-L\u00f6sungen","isPartOf":{"@id":"https:\/\/www.gs-healthcare.de\/werbeagentur-duesseldorf-koeln\/news\/#website"},"datePublished":"2020-04-20T07:11:15+00:00","dateModified":"2022-07-21T13:13:52+00:00","description":"Gehen Sie online \u2013 mit einer Live Streaming Veranstaltung, einem interaktiven Webinar, einem virtuellen Event \u2192 Jetzt Angebot anfragen.","breadcrumb":{"@id":"https:\/\/www.gs-healthcare.de\/werbeagentur-duesseldorf-koeln\/news\/digitale-messe\/#breadcrumb"},"inLanguage":"de","potentialAction":[{"@type":"ReadAction","target":["https:\/\/www.gs-healthcare.de\/werbeagentur-duesseldorf-koeln\/news\/digitale-messe\/"]}]},{"@type":"BreadcrumbList","@id":"https:\/\/www.gs-healthcare.de\/werbeagentur-duesseldorf-koeln\/news\/digitale-messe\/#breadcrumb","itemListElement":[{"@type":"ListItem","position":1,"name":"Startseite","item":"https:\/\/www.gs-healthcare.de\/werbeagentur-duesseldorf-koeln\/news\/"},{"@type":"ListItem","position":2,"name":"Digitale Messe"}]},{"@type":"WebSite","@id":"https:\/\/www.gs-healthcare.de\/werbeagentur-duesseldorf-koeln\/news\/#website","url":"https:\/\/www.gs-healthcare.de\/werbeagentur-duesseldorf-koeln\/news\/","name":"Meusel Healthcare News","description":"Werbe- und Fachagentur f\u00fcr Gesundheitkommunikation","publisher":{"@id":"https:\/\/www.gs-healthcare.de\/werbeagentur-duesseldorf-koeln\/news\/#organization"},"potentialAction":[{"@type":"SearchAction","target":{"@type":"EntryPoint","urlTemplate":"https:\/\/www.gs-healthcare.de\/werbeagentur-duesseldorf-koeln\/news\/?s={search_term_string}"},"query-input":"required name=search_term_string"}],"inLanguage":"de"},{"@type":"Organization","@id":"https:\/\/www.gs-healthcare.de\/werbeagentur-duesseldorf-koeln\/news\/#organization","name":"meusel healthcare Gmbh & Co. KG","url":"https:\/\/www.gs-healthcare.de\/werbeagentur-duesseldorf-koeln\/news\/","logo":{"@type":"ImageObject","inLanguage":"de","@id":"https:\/\/www.gs-healthcare.de\/werbeagentur-duesseldorf-koeln\/news\/#\/schema\/logo\/image\/","url":"https:\/\/www.gs-healthcare.de\/werbeagentur-duesseldorf-koeln\/news\/wp-content\/uploads\/2019\/08\/logo_meusel_healthcare.png","contentUrl":"https:\/\/www.gs-healthcare.de\/werbeagentur-duesseldorf-koeln\/news\/wp-content\/uploads\/2019\/08\/logo_meusel_healthcare.png","width":129,"height":49,"caption":"meusel healthcare Gmbh & Co. KG"},"image":{"@id":"https:\/\/www.gs-healthcare.de\/werbeagentur-duesseldorf-koeln\/news\/#\/schema\/logo\/image\/"}}]}},"_links":{"self":[{"href":"https:\/\/www.gs-healthcare.de\/werbeagentur-duesseldorf-koeln\/news\/wp-json\/wp\/v2\/pages\/677"}],"collection":[{"href":"https:\/\/www.gs-healthcare.de\/werbeagentur-duesseldorf-koeln\/news\/wp-json\/wp\/v2\/pages"}],"about":[{"href":"https:\/\/www.gs-healthcare.de\/werbeagentur-duesseldorf-koeln\/news\/wp-json\/wp\/v2\/types\/page"}],"author":[{"embeddable":true,"href":"https:\/\/www.gs-healthcare.de\/werbeagentur-duesseldorf-koeln\/news\/wp-json\/wp\/v2\/users\/2"}],"replies":[{"embeddable":true,"href":"https:\/\/www.gs-healthcare.de\/werbeagentur-duesseldorf-koeln\/news\/wp-json\/wp\/v2\/comments?post=677"}],"version-history":[{"count":29,"href":"https:\/\/www.gs-healthcare.de\/werbeagentur-duesseldorf-koeln\/news\/wp-json\/wp\/v2\/pages\/677\/revisions"}],"predecessor-version":[{"id":752,"href":"https:\/\/www.gs-healthcare.de\/werbeagentur-duesseldorf-koeln\/news\/wp-json\/wp\/v2\/pages\/677\/revisions\/752"}],"wp:attachment":[{"href":"https:\/\/www.gs-healthcare.de\/werbeagentur-duesseldorf-koeln\/news\/wp-json\/wp\/v2\/media?parent=677"}],"curies":[{"name":"wp","href":"https:\/\/api.w.org\/{rel}","templated":true}]}}