{"id":1255,"date":"2023-04-26T12:25:25","date_gmt":"2023-04-26T10:25:25","guid":{"rendered":"https:\/\/www.gs-healthcare.de\/werbeagentur-duesseldorf-koeln\/news\/?page_id=1255"},"modified":"2024-11-14T11:22:38","modified_gmt":"2024-11-14T10:22:38","slug":"karriere","status":"publish","type":"page","link":"https:\/\/www.gs-healthcare.de\/werbeagentur-duesseldorf-koeln\/news\/karriere\/","title":{"rendered":"Karriere Initiativ"},"content":{"rendered":"\n\n\t<h1><strong>AUF DER SUCHE?<\/strong><br \/>\n<\/h1>\n<h1>WIR AUCH!<\/h1>\n\t<p>Qualifizierte und engagierte Mitarbeiter, die sich charakterstark mit erkl\u00e4rungsbed\u00fcrftigen Produkten und Themen auseinandersetzen, sind entscheidend f\u00fcr die erfolgreiche und zielorientierte Umsetzung von Kommunikationsaufgaben.<\/p>\n<p>Deshalb sind wir kontinuierlich auf der Suche nach motivierter Unterst\u00fctzung.<\/p>\n\t<h1><strong>AKTUELLE STELLENANZEIGEN<br \/>\n<\/strong><\/h1>\n\t\t\t<a href=\"https:\/\/www.gs-healthcare.de\/werbeagentur-duesseldorf-koeln\/news\/wp-content\/uploads\/2024\/11\/Anzeige_AD_Freelancer_241114.pdf\" target=\"_blank\" role=\"button\" rel=\"noopener\">\n\t\t\t\t\t\t\tArt Director m\/w\/d (Freelancer)\n\t\t\t\t\t<\/a>\n\t<h1><strong>UNSERE BENEFITS<\/strong><\/h1>\n\t\t\t\t<img decoding=\"async\" loading=\"lazy\" src=\"https:\/\/www.gs-healthcare.de\/werbeagentur-duesseldorf-koeln\/news\/wp-content\/uploads\/2023\/04\/Benefiz_Teamevents-Symbol-300x295.png\" alt=\"Benefiz_Teamevents-Symbol\" itemprop=\"image\" height=\"295\" width=\"300\" title=\"Benefiz_Teamevents-Symbol\" onerror=\"this.style.display='none'\"  \/>\n\t<strong>Regelm\u00e4\u00dfige<br \/>\n<\/strong><strong>Teamevents<\/strong>\n\t\t\t\t<img decoding=\"async\" loading=\"lazy\" src=\"https:\/\/www.gs-healthcare.de\/werbeagentur-duesseldorf-koeln\/news\/wp-content\/uploads\/2023\/04\/Benefiz_Mittagessen-Symbol-300x262.png\" alt=\"Benefiz_Mittagessen-Symbol\" itemprop=\"image\" height=\"262\" width=\"300\" title=\"Benefiz_Mittagessen-Symbol\" onerror=\"this.style.display='none'\"  \/>\n\t<strong>Gemeinsames<br \/>\nMittagessen<\/strong>\n\t\t\t\t<img decoding=\"async\" loading=\"lazy\" src=\"https:\/\/www.gs-healthcare.de\/werbeagentur-duesseldorf-koeln\/news\/wp-content\/uploads\/2023\/04\/Benefiz_Altersvorsorge-Symbol-300x264.png\" alt=\"Benefiz_Altersvorsorge-Symbol\" itemprop=\"image\" height=\"264\" width=\"300\" title=\"Benefiz_Altersvorsorge-Symbol\" onerror=\"this.style.display='none'\"  \/>\n\t<strong>Betriebliche <\/strong><br \/>\n<strong>Altersvorsorge<\/strong>\n\t\t\t\t<img decoding=\"async\" loading=\"lazy\" src=\"https:\/\/www.gs-healthcare.de\/werbeagentur-duesseldorf-koeln\/news\/wp-content\/uploads\/2023\/04\/Benefiz_Zukunft-Symbol-300x254.png\" alt=\"Benefiz_Zukunft-Symbol\" itemprop=\"image\" height=\"254\" width=\"300\" title=\"Benefiz_Zukunft-Symbol\" onerror=\"this.style.display='none'\"  \/>\n\t<strong>Branche<br \/>\n<\/strong><strong>mit Zukunft<\/strong>\n\t\t\t\t<img decoding=\"async\" loading=\"lazy\" src=\"https:\/\/www.gs-healthcare.de\/werbeagentur-duesseldorf-koeln\/news\/wp-content\/uploads\/2023\/04\/Benefiz_Arbeitszeiten-Symbol-300x300.png\" alt=\"Benefiz_Arbeitszeiten-Symbol\" itemprop=\"image\" height=\"300\" width=\"300\" title=\"Benefiz_Arbeitszeiten-Symbol\" onerror=\"this.style.display='none'\"  \/>\n\t<strong>Flexible<br \/>\n<\/strong><strong>Arbeitszeiten<\/strong>\n\t\t\t\t<img decoding=\"async\" loading=\"lazy\" src=\"https:\/\/www.gs-healthcare.de\/werbeagentur-duesseldorf-koeln\/news\/wp-content\/uploads\/2023\/04\/Benefiz_Bezahlung-Symbol-300x222.png\" alt=\"Benefiz_Bezahlung-Symbol\" itemprop=\"image\" height=\"222\" width=\"300\" title=\"Benefiz_Bezahlung-Symbol\" onerror=\"this.style.display='none'\"  \/>\n\t<strong>Wettbewerbsf\u00e4hige<br \/>\nBezahlung<\/strong>\n\t\t\t\t<img decoding=\"async\" loading=\"lazy\" src=\"https:\/\/www.gs-healthcare.de\/werbeagentur-duesseldorf-koeln\/news\/wp-content\/uploads\/2023\/04\/Benefiz_UpToDate-Symbol-300x300.png\" alt=\"Benefiz_UpToDate-Symbol\" itemprop=\"image\" height=\"300\" width=\"300\" title=\"Benefiz_UpToDate-Symbol\" onerror=\"this.style.display='none'\"  \/>\n\t<strong>Technisch<br \/>\nu<\/strong><strong>p-to-Date<\/strong>\n\t\t\t\t<img decoding=\"async\" loading=\"lazy\" src=\"https:\/\/www.gs-healthcare.de\/werbeagentur-duesseldorf-koeln\/news\/wp-content\/uploads\/2023\/04\/Benefiz_Arbaitsplatz-Symbol-300x300.png\" alt=\"Benefiz_Arbaitsplatz-Symbol\" itemprop=\"image\" height=\"300\" width=\"300\" title=\"Benefiz_Arbaitsplatz-Symbol\" onerror=\"this.style.display='none'\"  \/>\n\t<strong>Ergonomischer<br \/>\nArbeitsplatz<\/strong>\n\t\t\t\t<img decoding=\"async\" loading=\"lazy\" src=\"https:\/\/www.gs-healthcare.de\/werbeagentur-duesseldorf-koeln\/news\/wp-content\/uploads\/2023\/04\/gshg1-300x199.png\" alt=\"gshg1\" itemprop=\"image\" height=\"199\" width=\"300\" title=\"gshg1\" onerror=\"this.style.display='none'\"  \/>\n\t\t\t\t<img decoding=\"async\" loading=\"lazy\" src=\"https:\/\/www.gs-healthcare.de\/werbeagentur-duesseldorf-koeln\/news\/wp-content\/uploads\/2023\/04\/Foto1-300x199.png\" alt=\"Foto[1]\" itemprop=\"image\" height=\"199\" width=\"300\" title=\"Foto[1]\" onerror=\"this.style.display='none'\"  \/>\n\t\t\t\t<img decoding=\"async\" loading=\"lazy\" src=\"https:\/\/www.gs-healthcare.de\/werbeagentur-duesseldorf-koeln\/news\/wp-content\/uploads\/2023\/04\/Brotfabrik_gebrauchtkunst-300x199.jpg\" alt=\"Brotfabrik_gebrauchtkunst\" itemprop=\"image\" height=\"199\" width=\"300\" title=\"Brotfabrik_gebrauchtkunst\" onerror=\"this.style.display='none'\"  \/>\n\t\t\t\t<img decoding=\"async\" loading=\"lazy\" src=\"https:\/\/www.gs-healthcare.de\/werbeagentur-duesseldorf-koeln\/news\/wp-content\/uploads\/2023\/04\/Brotfabrik_Denkmal-300x199.jpg\" alt=\"Brotfabrik_Denkmal\" itemprop=\"image\" height=\"199\" width=\"300\" title=\"Brotfabrik_Denkmal\" onerror=\"this.style.display='none'\"  \/>\n\t<h1><strong>\u00a0<\/strong><b>Initiativ-Bewerbung<\/b><\/h1>\n\t<p>Keine passende Stellenausschreibung gefunden? Bewerben Sie sich initiativ! Sie haben in unseren aktuellen Stellenausschreibungen geschaut und keine f\u00fcr Sie zutreffende Stellenausschreibung gefunden? Dann senden Sie uns Ihre aussagekr\u00e4ftige Initiativbewerbung zu! Wir sind immer auf der Suche nach tatkr\u00e4ftiger Unterst\u00fctzung.<\/p>\n\t<strong>Ihre Ansprechpartnerin:<br \/>\n<\/strong>Sabine Meusel, Gesch\u00e4ftsf\u00fchrerin\n<p>E-Mail: <a href=\"mailto:info@gs-healthcare.de\">info@gs-healthcare.de<\/a><\/p>\n\t\t\t<a href=\"mailto:info@gs-healthcare.de\" target=\"_self\" role=\"button\" rel=\"noopener\">\n\t\t\t\t\t\t\tBewerbung senden\n\t\t\t\t\t<\/a>\n\t\t\t\t<img decoding=\"async\" loading=\"lazy\" src=\"https:\/\/www.gs-healthcare.de\/werbeagentur-duesseldorf-koeln\/news\/wp-content\/uploads\/2023\/04\/Mitarbeiterfoto_Sabine-Meusel_MG_2968-e1682504780699-300x295.png\" alt=\"Mitarbeiterfoto_Sabine Meusel_MG_2968\" itemprop=\"image\" height=\"295\" width=\"300\" title=\"Mitarbeiterfoto_Sabine Meusel_MG_2968\" onerror=\"this.style.display='none'\"  \/>\n\t<em>\u201eKomm&#8216; ins Team. <\/em><br \/>\n<em>Ich freue mich auf <\/em><br \/>\n<em>Ihre Bewerbung.&#8220;<br \/>\n<\/em><strong>Sabine Meusel<\/strong>\n\n","protected":false},"excerpt":{"rendered":"<p>AUF DER SUCHE? WIR AUCH! Qualifizierte und engagierte Mitarbeiter, die sich charakterstark mit erkl\u00e4rungsbed\u00fcrftigen Produkten und Themen auseinandersetzen, sind entscheidend f\u00fcr die erfolgreiche und zielorientierte Umsetzung von Kommunikationsaufgaben. Deshalb sind wir kontinuierlich auf der Suche nach motivierter Unterst\u00fctzung. AKTUELLE STELLENANZEIGEN Art Director m\/w\/d (Freelancer) UNSERE BENEFITS Regelm\u00e4\u00dfige Teamevents Gemeinsames Mittagessen Betriebliche Altersvorsorge Branche mit Zukunft &hellip;<\/p>\n<p class=\"read-more\"> <a class=\"\" href=\"https:\/\/www.gs-healthcare.de\/werbeagentur-duesseldorf-koeln\/news\/karriere\/\"> <span class=\"screen-reader-text\">Karriere Initiativ<\/span> Read More \u00bb<\/a><\/p>\n","protected":false},"author":2,"featured_media":0,"parent":0,"menu_order":0,"comment_status":"closed","ping_status":"closed","template":"","meta":{"site-sidebar-layout":"no-sidebar","site-content-layout":"page-builder","ast-global-header-display":"","ast-main-header-display":"","ast-hfb-above-header-display":"","ast-hfb-below-header-display":"","ast-hfb-mobile-header-display":"","site-post-title":"disabled","ast-breadcrumbs-content":"","ast-featured-img":"disabled","footer-sml-layout":"","theme-transparent-header-meta":"default","adv-header-id-meta":"","stick-header-meta":"default","header-above-stick-meta":"","header-main-stick-meta":"","header-below-stick-meta":""},"yoast_head":"<!-- This site is optimized with the Yoast SEO plugin v20.1 - https:\/\/yoast.com\/wordpress\/plugins\/seo\/ -->\n<title>Agentur meusel healthcare: bietet digitale Kongress-L\u00f6sungen<\/title>\n<meta name=\"description\" content=\"Gehen Sie online \u2013 mit einer Live Streaming Veranstaltung, einem interaktiven Webinar, einem virtuellen Event \u2192 Jetzt Angebot anfragen.\" \/>\n<meta name=\"robots\" content=\"index, follow, max-snippet:-1, max-image-preview:large, max-video-preview:-1\" \/>\n<link rel=\"canonical\" href=\"https:\/\/www.gs-healthcare.de\/werbeagentur-duesseldorf-koeln\/news\/karriere\/\" \/>\n<meta property=\"og:locale\" content=\"de_DE\" \/>\n<meta property=\"og:type\" content=\"article\" \/>\n<meta property=\"og:title\" content=\"Agentur meusel healthcare: bietet digitale Kongress-L\u00f6sungen\" \/>\n<meta property=\"og:description\" content=\"Gehen Sie online \u2013 mit einer Live Streaming Veranstaltung, einem interaktiven Webinar, einem virtuellen Event \u2192 Jetzt Angebot anfragen.\" \/>\n<meta property=\"og:url\" content=\"https:\/\/www.gs-healthcare.de\/werbeagentur-duesseldorf-koeln\/news\/karriere\/\" \/>\n<meta property=\"og:site_name\" content=\"Meusel Healthcare News\" \/>\n<meta property=\"article:modified_time\" content=\"2024-11-14T10:22:38+00:00\" \/>\n<meta property=\"og:image\" content=\"https:\/\/www.gs-healthcare.de\/werbeagentur-duesseldorf-koeln\/news\/wp-content\/uploads\/2023\/04\/Benefiz_Teamevents-Symbol-300x295.png\" \/>\n<meta name=\"twitter:card\" content=\"summary_large_image\" \/>\n<meta name=\"twitter:label1\" content=\"Gesch\u00e4tzte Lesezeit\" \/>\n\t<meta name=\"twitter:data1\" content=\"4\u00a0Minuten\" \/>\n<script type=\"application\/ld+json\" class=\"yoast-schema-graph\">{\"@context\":\"https:\/\/schema.org\",\"@graph\":[{\"@type\":\"WebPage\",\"@id\":\"https:\/\/www.gs-healthcare.de\/werbeagentur-duesseldorf-koeln\/news\/karriere\/\",\"url\":\"https:\/\/www.gs-healthcare.de\/werbeagentur-duesseldorf-koeln\/news\/karriere\/\",\"name\":\"Agentur meusel healthcare: bietet digitale Kongress-L\u00f6sungen\",\"isPartOf\":{\"@id\":\"https:\/\/www.gs-healthcare.de\/werbeagentur-duesseldorf-koeln\/news\/#website\"},\"datePublished\":\"2023-04-26T10:25:25+00:00\",\"dateModified\":\"2024-11-14T10:22:38+00:00\",\"description\":\"Gehen Sie online \u2013 mit einer Live Streaming Veranstaltung, einem interaktiven Webinar, einem virtuellen Event \u2192 Jetzt Angebot anfragen.\",\"breadcrumb\":{\"@id\":\"https:\/\/www.gs-healthcare.de\/werbeagentur-duesseldorf-koeln\/news\/karriere\/#breadcrumb\"},\"inLanguage\":\"de\",\"potentialAction\":[{\"@type\":\"ReadAction\",\"target\":[\"https:\/\/www.gs-healthcare.de\/werbeagentur-duesseldorf-koeln\/news\/karriere\/\"]}]},{\"@type\":\"BreadcrumbList\",\"@id\":\"https:\/\/www.gs-healthcare.de\/werbeagentur-duesseldorf-koeln\/news\/karriere\/#breadcrumb\",\"itemListElement\":[{\"@type\":\"ListItem\",\"position\":1,\"name\":\"Startseite\",\"item\":\"https:\/\/www.gs-healthcare.de\/werbeagentur-duesseldorf-koeln\/news\/\"},{\"@type\":\"ListItem\",\"position\":2,\"name\":\"Karriere Initiativ\"}]},{\"@type\":\"WebSite\",\"@id\":\"https:\/\/www.gs-healthcare.de\/werbeagentur-duesseldorf-koeln\/news\/#website\",\"url\":\"https:\/\/www.gs-healthcare.de\/werbeagentur-duesseldorf-koeln\/news\/\",\"name\":\"Meusel Healthcare News\",\"description\":\"Werbe- und Fachagentur f\u00fcr Gesundheitkommunikation\",\"publisher\":{\"@id\":\"https:\/\/www.gs-healthcare.de\/werbeagentur-duesseldorf-koeln\/news\/#organization\"},\"potentialAction\":[{\"@type\":\"SearchAction\",\"target\":{\"@type\":\"EntryPoint\",\"urlTemplate\":\"https:\/\/www.gs-healthcare.de\/werbeagentur-duesseldorf-koeln\/news\/?s={search_term_string}\"},\"query-input\":\"required name=search_term_string\"}],\"inLanguage\":\"de\"},{\"@type\":\"Organization\",\"@id\":\"https:\/\/www.gs-healthcare.de\/werbeagentur-duesseldorf-koeln\/news\/#organization\",\"name\":\"meusel healthcare Gmbh & Co. KG\",\"url\":\"https:\/\/www.gs-healthcare.de\/werbeagentur-duesseldorf-koeln\/news\/\",\"logo\":{\"@type\":\"ImageObject\",\"inLanguage\":\"de\",\"@id\":\"https:\/\/www.gs-healthcare.de\/werbeagentur-duesseldorf-koeln\/news\/#\/schema\/logo\/image\/\",\"url\":\"https:\/\/www.gs-healthcare.de\/werbeagentur-duesseldorf-koeln\/news\/wp-content\/uploads\/2019\/08\/logo_meusel_healthcare.png\",\"contentUrl\":\"https:\/\/www.gs-healthcare.de\/werbeagentur-duesseldorf-koeln\/news\/wp-content\/uploads\/2019\/08\/logo_meusel_healthcare.png\",\"width\":129,\"height\":49,\"caption\":\"meusel healthcare Gmbh & Co. KG\"},\"image\":{\"@id\":\"https:\/\/www.gs-healthcare.de\/werbeagentur-duesseldorf-koeln\/news\/#\/schema\/logo\/image\/\"}}]}<\/script>\n<!-- \/ Yoast SEO plugin. -->","yoast_head_json":{"title":"Agentur meusel healthcare: bietet digitale Kongress-L\u00f6sungen","description":"Gehen Sie online \u2013 mit einer Live Streaming Veranstaltung, einem interaktiven Webinar, einem virtuellen Event \u2192 Jetzt Angebot anfragen.","robots":{"index":"index","follow":"follow","max-snippet":"max-snippet:-1","max-image-preview":"max-image-preview:large","max-video-preview":"max-video-preview:-1"},"canonical":"https:\/\/www.gs-healthcare.de\/werbeagentur-duesseldorf-koeln\/news\/karriere\/","og_locale":"de_DE","og_type":"article","og_title":"Agentur meusel healthcare: bietet digitale Kongress-L\u00f6sungen","og_description":"Gehen Sie online \u2013 mit einer Live Streaming Veranstaltung, einem interaktiven Webinar, einem virtuellen Event \u2192 Jetzt Angebot anfragen.","og_url":"https:\/\/www.gs-healthcare.de\/werbeagentur-duesseldorf-koeln\/news\/karriere\/","og_site_name":"Meusel Healthcare News","article_modified_time":"2024-11-14T10:22:38+00:00","og_image":[{"url":"https:\/\/www.gs-healthcare.de\/werbeagentur-duesseldorf-koeln\/news\/wp-content\/uploads\/2023\/04\/Benefiz_Teamevents-Symbol-300x295.png"}],"twitter_card":"summary_large_image","twitter_misc":{"Gesch\u00e4tzte Lesezeit":"4\u00a0Minuten"},"schema":{"@context":"https:\/\/schema.org","@graph":[{"@type":"WebPage","@id":"https:\/\/www.gs-healthcare.de\/werbeagentur-duesseldorf-koeln\/news\/karriere\/","url":"https:\/\/www.gs-healthcare.de\/werbeagentur-duesseldorf-koeln\/news\/karriere\/","name":"Agentur meusel healthcare: bietet digitale Kongress-L\u00f6sungen","isPartOf":{"@id":"https:\/\/www.gs-healthcare.de\/werbeagentur-duesseldorf-koeln\/news\/#website"},"datePublished":"2023-04-26T10:25:25+00:00","dateModified":"2024-11-14T10:22:38+00:00","description":"Gehen Sie online \u2013 mit einer Live Streaming Veranstaltung, einem interaktiven Webinar, einem virtuellen Event \u2192 Jetzt Angebot anfragen.","breadcrumb":{"@id":"https:\/\/www.gs-healthcare.de\/werbeagentur-duesseldorf-koeln\/news\/karriere\/#breadcrumb"},"inLanguage":"de","potentialAction":[{"@type":"ReadAction","target":["https:\/\/www.gs-healthcare.de\/werbeagentur-duesseldorf-koeln\/news\/karriere\/"]}]},{"@type":"BreadcrumbList","@id":"https:\/\/www.gs-healthcare.de\/werbeagentur-duesseldorf-koeln\/news\/karriere\/#breadcrumb","itemListElement":[{"@type":"ListItem","position":1,"name":"Startseite","item":"https:\/\/www.gs-healthcare.de\/werbeagentur-duesseldorf-koeln\/news\/"},{"@type":"ListItem","position":2,"name":"Karriere Initiativ"}]},{"@type":"WebSite","@id":"https:\/\/www.gs-healthcare.de\/werbeagentur-duesseldorf-koeln\/news\/#website","url":"https:\/\/www.gs-healthcare.de\/werbeagentur-duesseldorf-koeln\/news\/","name":"Meusel Healthcare News","description":"Werbe- und Fachagentur f\u00fcr Gesundheitkommunikation","publisher":{"@id":"https:\/\/www.gs-healthcare.de\/werbeagentur-duesseldorf-koeln\/news\/#organization"},"potentialAction":[{"@type":"SearchAction","target":{"@type":"EntryPoint","urlTemplate":"https:\/\/www.gs-healthcare.de\/werbeagentur-duesseldorf-koeln\/news\/?s={search_term_string}"},"query-input":"required name=search_term_string"}],"inLanguage":"de"},{"@type":"Organization","@id":"https:\/\/www.gs-healthcare.de\/werbeagentur-duesseldorf-koeln\/news\/#organization","name":"meusel healthcare Gmbh & Co. KG","url":"https:\/\/www.gs-healthcare.de\/werbeagentur-duesseldorf-koeln\/news\/","logo":{"@type":"ImageObject","inLanguage":"de","@id":"https:\/\/www.gs-healthcare.de\/werbeagentur-duesseldorf-koeln\/news\/#\/schema\/logo\/image\/","url":"https:\/\/www.gs-healthcare.de\/werbeagentur-duesseldorf-koeln\/news\/wp-content\/uploads\/2019\/08\/logo_meusel_healthcare.png","contentUrl":"https:\/\/www.gs-healthcare.de\/werbeagentur-duesseldorf-koeln\/news\/wp-content\/uploads\/2019\/08\/logo_meusel_healthcare.png","width":129,"height":49,"caption":"meusel healthcare Gmbh & Co. KG"},"image":{"@id":"https:\/\/www.gs-healthcare.de\/werbeagentur-duesseldorf-koeln\/news\/#\/schema\/logo\/image\/"}}]}},"_links":{"self":[{"href":"https:\/\/www.gs-healthcare.de\/werbeagentur-duesseldorf-koeln\/news\/wp-json\/wp\/v2\/pages\/1255"}],"collection":[{"href":"https:\/\/www.gs-healthcare.de\/werbeagentur-duesseldorf-koeln\/news\/wp-json\/wp\/v2\/pages"}],"about":[{"href":"https:\/\/www.gs-healthcare.de\/werbeagentur-duesseldorf-koeln\/news\/wp-json\/wp\/v2\/types\/page"}],"author":[{"embeddable":true,"href":"https:\/\/www.gs-healthcare.de\/werbeagentur-duesseldorf-koeln\/news\/wp-json\/wp\/v2\/users\/2"}],"replies":[{"embeddable":true,"href":"https:\/\/www.gs-healthcare.de\/werbeagentur-duesseldorf-koeln\/news\/wp-json\/wp\/v2\/comments?post=1255"}],"version-history":[{"count":7,"href":"https:\/\/www.gs-healthcare.de\/werbeagentur-duesseldorf-koeln\/news\/wp-json\/wp\/v2\/pages\/1255\/revisions"}],"predecessor-version":[{"id":1389,"href":"https:\/\/www.gs-healthcare.de\/werbeagentur-duesseldorf-koeln\/news\/wp-json\/wp\/v2\/pages\/1255\/revisions\/1389"}],"wp:attachment":[{"href":"https:\/\/www.gs-healthcare.de\/werbeagentur-duesseldorf-koeln\/news\/wp-json\/wp\/v2\/media?parent=1255"}],"curies":[{"name":"wp","href":"https:\/\/api.w.org\/{rel}","templated":true}]}}