{"id":1219,"date":"2022-11-03T11:12:06","date_gmt":"2022-11-03T10:12:06","guid":{"rendered":"https:\/\/www.gs-healthcare.de\/werbeagentur-duesseldorf-koeln\/news\/?page_id=1219"},"modified":"2022-11-03T12:00:43","modified_gmt":"2022-11-03T11:00:43","slug":"pharma-marketing-fortbildungen","status":"publish","type":"page","link":"https:\/\/www.gs-healthcare.de\/werbeagentur-duesseldorf-koeln\/news\/pharma-marketing-fortbildungen\/","title":{"rendered":"Pharma-Marketing Fortbildungen"},"content":{"rendered":"\n\n\t\n<h1><b>Pharma-Marketing Fortbildungen<\/b><\/h1>\n<p>Extrahiert aus unserer langj\u00e4hrigen Erfahrung in der Gesundheitskommunikation haben wir kompakte und anschauliche Fortbildungen zu unterschiedlichen Themen entwickelt, die dich in deinem Arbeitsalltag im Pharma-Marketing greifbar unterst\u00fctzen.<\/p>\n<b>Praxis-orientiert.<br \/>\n<\/b><b>Leicht verst\u00e4ndlich.<br \/>\n<\/b><b>Nah am t\u00e4glichen <\/b><b>Doing<\/b><b>.<\/b>\n<p>&nbsp;<\/p>\n<p>&nbsp;<\/p>\n\t\n<p>Wenn dir manche Dinge in der Pharma-Kommunikation noch nicht gel\u00e4ufig sind oder das Heilmittelwerbegesetzes bzw. das Arzneimittelgesetz noch Fragen aufwerfen, dann bist du hier richtig.<\/p>\n<p>Wir m\u00f6chten eher technische Themen dadurch greifbar machen, dass wir sie anhand von Beispielen aus der Praxis erkl\u00e4ren, einzelne Aspekte gemeinsam herleiten und die Anwendung \u00fcben.<\/p>\n<p>Bei uns erh\u00e4ltst du Fortbildungen zu den Themen:<\/p>\n<ul>\n<li>Marketing-Kommunikation<\/li>\n<li>HWG\/AMG<\/li>\n<li>Marktforschung<\/li>\n<\/ul>\n<b>Bei Interesse einfach Kontakt-Formular ausf\u00fcllen oder unten stehende Kontaktm\u00f6glichkeiten nutzen!<br \/>\nWir freuen uns!<\/b>\n\t<strong>ANFRAGE ZUR FORTBILDUNG<br \/>\n<\/strong>\n\t<h2><strong>Unsere Fortbildungen<br \/>\n<\/strong><\/h2>\n\t\t<h1>Marketing-Kommunikation<\/h1>\t\t\n\t\t\t<strong>Medien, Werbemittel, Anzeigen<\/strong><br \/>\n<strong>Direkt-Marketing, Print-Marketing<br \/>\nE-Mail Marketing<br \/>\n<\/strong>\n\n<strong>Online-Werbemittel:<\/strong><br \/>\n<strong>Banner, Google Adwords, Webseite<\/strong>\n\t\t<h1>HWG\/AMG<\/h1>\t\t\n\t\t\t<p>&nbsp;<\/p>\n\n\n\t\t<h1>Marktforschung<\/h1>\t\t\n\t\t\t<p>&nbsp;<\/p>\n<strong>Prim\u00e4r Forschung: <\/strong><br \/>\n<strong>Interview, Diskussionsrunde, Gespr\u00e4chslabor, Anzeigentest<\/strong>\n<p>&nbsp;<\/p>\n<strong>Sekund\u00e4r Daten: <\/strong><br \/>\n<strong>Fcvia panells, GFK mediscope<\/strong>\n\t<h2><strong>Du ben\u00f6tigst noch weitere Fortbildungen im Healthcare-Sektor?<br \/>\n<\/strong><\/h2>\n<p>Melde dich gerne bei uns! Wir erstellen dir nach deinen W\u00fcnschen einzelne Fortbildungen oder gleich eine ganze Reihe. F\u00fcr dich oder dein komplettes Team.<\/p>\n\n\n","protected":false},"excerpt":{"rendered":"<p>Pharma-Marketing Fortbildungen Extrahiert aus unserer langj\u00e4hrigen Erfahrung in der Gesundheitskommunikation haben wir kompakte und anschauliche Fortbildungen zu unterschiedlichen Themen entwickelt, die dich in deinem Arbeitsalltag im Pharma-Marketing greifbar unterst\u00fctzen. Praxis-orientiert. Leicht verst\u00e4ndlich. Nah am t\u00e4glichen Doing. &nbsp; &nbsp; Wenn dir manche Dinge in der Pharma-Kommunikation noch nicht gel\u00e4ufig sind oder das Heilmittelwerbegesetzes bzw. das Arzneimittelgesetz &hellip;<\/p>\n<p class=\"read-more\"> <a class=\"\" href=\"https:\/\/www.gs-healthcare.de\/werbeagentur-duesseldorf-koeln\/news\/pharma-marketing-fortbildungen\/\"> <span class=\"screen-reader-text\">Pharma-Marketing Fortbildungen<\/span> Read More \u00bb<\/a><\/p>\n","protected":false},"author":2,"featured_media":1220,"parent":0,"menu_order":0,"comment_status":"closed","ping_status":"closed","template":"","meta":{"site-sidebar-layout":"no-sidebar","site-content-layout":"page-builder","ast-global-header-display":"","ast-main-header-display":"","ast-hfb-above-header-display":"","ast-hfb-below-header-display":"","ast-hfb-mobile-header-display":"","site-post-title":"disabled","ast-breadcrumbs-content":"","ast-featured-img":"disabled","footer-sml-layout":"","theme-transparent-header-meta":"default","adv-header-id-meta":"","stick-header-meta":"default","header-above-stick-meta":"","header-main-stick-meta":"","header-below-stick-meta":""},"yoast_head":"<!-- This site is optimized with the Yoast SEO plugin v20.1 - https:\/\/yoast.com\/wordpress\/plugins\/seo\/ -->\n<title>Pharma-Marketing Fortbildungen - Meusel Healthcare<\/title>\n<meta name=\"description\" content=\"Wenn dir manche Dinge in der Pharma-Kommunikation noch nicht gel\u00e4ufig sind oder das Heilmittelwerbegesetzes bzw. das Arzneimittelgesetz noch Fragen aufwerfen, dann bist du hier richtig.\" \/>\n<meta name=\"robots\" content=\"index, follow, max-snippet:-1, max-image-preview:large, max-video-preview:-1\" \/>\n<link rel=\"canonical\" href=\"https:\/\/www.gs-healthcare.de\/werbeagentur-duesseldorf-koeln\/news\/pharma-marketing-fortbildungen\/\" \/>\n<meta property=\"og:locale\" content=\"de_DE\" \/>\n<meta property=\"og:type\" content=\"article\" \/>\n<meta property=\"og:title\" content=\"Pharma-Marketing Fortbildungen - Meusel Healthcare\" \/>\n<meta property=\"og:description\" content=\"Wenn dir manche Dinge in der Pharma-Kommunikation noch nicht gel\u00e4ufig sind oder das Heilmittelwerbegesetzes bzw. das Arzneimittelgesetz noch Fragen aufwerfen, dann bist du hier richtig.\" \/>\n<meta property=\"og:url\" content=\"https:\/\/www.gs-healthcare.de\/werbeagentur-duesseldorf-koeln\/news\/pharma-marketing-fortbildungen\/\" \/>\n<meta property=\"og:site_name\" content=\"Meusel Healthcare News\" \/>\n<meta property=\"article:modified_time\" content=\"2022-11-03T11:00:43+00:00\" \/>\n<meta property=\"og:image\" content=\"https:\/\/www.gs-healthcare.de\/werbeagentur-duesseldorf-koeln\/news\/wp-content\/uploads\/2022\/10\/cropped-pharma-marketing-academy-titel_rosa-1.png\" \/>\n\t<meta property=\"og:image:width\" content=\"1248\" \/>\n\t<meta property=\"og:image:height\" content=\"587\" \/>\n\t<meta property=\"og:image:type\" content=\"image\/png\" \/>\n<meta name=\"twitter:card\" content=\"summary_large_image\" \/>\n<meta name=\"twitter:label1\" content=\"Gesch\u00e4tzte Lesezeit\" \/>\n\t<meta name=\"twitter:data1\" content=\"1\u00a0Minute\" \/>\n<script type=\"application\/ld+json\" class=\"yoast-schema-graph\">{\"@context\":\"https:\/\/schema.org\",\"@graph\":[{\"@type\":\"WebPage\",\"@id\":\"https:\/\/www.gs-healthcare.de\/werbeagentur-duesseldorf-koeln\/news\/pharma-marketing-fortbildungen\/\",\"url\":\"https:\/\/www.gs-healthcare.de\/werbeagentur-duesseldorf-koeln\/news\/pharma-marketing-fortbildungen\/\",\"name\":\"Pharma-Marketing Fortbildungen - Meusel Healthcare\",\"isPartOf\":{\"@id\":\"https:\/\/www.gs-healthcare.de\/werbeagentur-duesseldorf-koeln\/news\/#website\"},\"datePublished\":\"2022-11-03T10:12:06+00:00\",\"dateModified\":\"2022-11-03T11:00:43+00:00\",\"description\":\"Wenn dir manche Dinge in der Pharma-Kommunikation noch nicht gel\u00e4ufig sind oder das Heilmittelwerbegesetzes bzw. das Arzneimittelgesetz noch Fragen aufwerfen, dann bist du hier richtig.\",\"breadcrumb\":{\"@id\":\"https:\/\/www.gs-healthcare.de\/werbeagentur-duesseldorf-koeln\/news\/pharma-marketing-fortbildungen\/#breadcrumb\"},\"inLanguage\":\"de\",\"potentialAction\":[{\"@type\":\"ReadAction\",\"target\":[\"https:\/\/www.gs-healthcare.de\/werbeagentur-duesseldorf-koeln\/news\/pharma-marketing-fortbildungen\/\"]}]},{\"@type\":\"BreadcrumbList\",\"@id\":\"https:\/\/www.gs-healthcare.de\/werbeagentur-duesseldorf-koeln\/news\/pharma-marketing-fortbildungen\/#breadcrumb\",\"itemListElement\":[{\"@type\":\"ListItem\",\"position\":1,\"name\":\"Startseite\",\"item\":\"https:\/\/www.gs-healthcare.de\/werbeagentur-duesseldorf-koeln\/news\/\"},{\"@type\":\"ListItem\",\"position\":2,\"name\":\"Pharma-Marketing Fortbildungen\"}]},{\"@type\":\"WebSite\",\"@id\":\"https:\/\/www.gs-healthcare.de\/werbeagentur-duesseldorf-koeln\/news\/#website\",\"url\":\"https:\/\/www.gs-healthcare.de\/werbeagentur-duesseldorf-koeln\/news\/\",\"name\":\"Meusel Healthcare News\",\"description\":\"Werbe- und Fachagentur f\u00fcr Gesundheitkommunikation\",\"publisher\":{\"@id\":\"https:\/\/www.gs-healthcare.de\/werbeagentur-duesseldorf-koeln\/news\/#organization\"},\"potentialAction\":[{\"@type\":\"SearchAction\",\"target\":{\"@type\":\"EntryPoint\",\"urlTemplate\":\"https:\/\/www.gs-healthcare.de\/werbeagentur-duesseldorf-koeln\/news\/?s={search_term_string}\"},\"query-input\":\"required name=search_term_string\"}],\"inLanguage\":\"de\"},{\"@type\":\"Organization\",\"@id\":\"https:\/\/www.gs-healthcare.de\/werbeagentur-duesseldorf-koeln\/news\/#organization\",\"name\":\"meusel healthcare Gmbh & Co. KG\",\"url\":\"https:\/\/www.gs-healthcare.de\/werbeagentur-duesseldorf-koeln\/news\/\",\"logo\":{\"@type\":\"ImageObject\",\"inLanguage\":\"de\",\"@id\":\"https:\/\/www.gs-healthcare.de\/werbeagentur-duesseldorf-koeln\/news\/#\/schema\/logo\/image\/\",\"url\":\"https:\/\/www.gs-healthcare.de\/werbeagentur-duesseldorf-koeln\/news\/wp-content\/uploads\/2019\/08\/logo_meusel_healthcare.png\",\"contentUrl\":\"https:\/\/www.gs-healthcare.de\/werbeagentur-duesseldorf-koeln\/news\/wp-content\/uploads\/2019\/08\/logo_meusel_healthcare.png\",\"width\":129,\"height\":49,\"caption\":\"meusel healthcare Gmbh & Co. KG\"},\"image\":{\"@id\":\"https:\/\/www.gs-healthcare.de\/werbeagentur-duesseldorf-koeln\/news\/#\/schema\/logo\/image\/\"}}]}<\/script>\n<!-- \/ Yoast SEO plugin. -->","yoast_head_json":{"title":"Pharma-Marketing Fortbildungen - Meusel Healthcare","description":"Wenn dir manche Dinge in der Pharma-Kommunikation noch nicht gel\u00e4ufig sind oder das Heilmittelwerbegesetzes bzw. das Arzneimittelgesetz noch Fragen aufwerfen, dann bist du hier richtig.","robots":{"index":"index","follow":"follow","max-snippet":"max-snippet:-1","max-image-preview":"max-image-preview:large","max-video-preview":"max-video-preview:-1"},"canonical":"https:\/\/www.gs-healthcare.de\/werbeagentur-duesseldorf-koeln\/news\/pharma-marketing-fortbildungen\/","og_locale":"de_DE","og_type":"article","og_title":"Pharma-Marketing Fortbildungen - Meusel Healthcare","og_description":"Wenn dir manche Dinge in der Pharma-Kommunikation noch nicht gel\u00e4ufig sind oder das Heilmittelwerbegesetzes bzw. das Arzneimittelgesetz noch Fragen aufwerfen, dann bist du hier richtig.","og_url":"https:\/\/www.gs-healthcare.de\/werbeagentur-duesseldorf-koeln\/news\/pharma-marketing-fortbildungen\/","og_site_name":"Meusel Healthcare News","article_modified_time":"2022-11-03T11:00:43+00:00","og_image":[{"width":1248,"height":587,"url":"https:\/\/www.gs-healthcare.de\/werbeagentur-duesseldorf-koeln\/news\/wp-content\/uploads\/2022\/10\/cropped-pharma-marketing-academy-titel_rosa-1.png","type":"image\/png"}],"twitter_card":"summary_large_image","twitter_misc":{"Gesch\u00e4tzte Lesezeit":"1\u00a0Minute"},"schema":{"@context":"https:\/\/schema.org","@graph":[{"@type":"WebPage","@id":"https:\/\/www.gs-healthcare.de\/werbeagentur-duesseldorf-koeln\/news\/pharma-marketing-fortbildungen\/","url":"https:\/\/www.gs-healthcare.de\/werbeagentur-duesseldorf-koeln\/news\/pharma-marketing-fortbildungen\/","name":"Pharma-Marketing Fortbildungen - Meusel Healthcare","isPartOf":{"@id":"https:\/\/www.gs-healthcare.de\/werbeagentur-duesseldorf-koeln\/news\/#website"},"datePublished":"2022-11-03T10:12:06+00:00","dateModified":"2022-11-03T11:00:43+00:00","description":"Wenn dir manche Dinge in der Pharma-Kommunikation noch nicht gel\u00e4ufig sind oder das Heilmittelwerbegesetzes bzw. das Arzneimittelgesetz noch Fragen aufwerfen, dann bist du hier richtig.","breadcrumb":{"@id":"https:\/\/www.gs-healthcare.de\/werbeagentur-duesseldorf-koeln\/news\/pharma-marketing-fortbildungen\/#breadcrumb"},"inLanguage":"de","potentialAction":[{"@type":"ReadAction","target":["https:\/\/www.gs-healthcare.de\/werbeagentur-duesseldorf-koeln\/news\/pharma-marketing-fortbildungen\/"]}]},{"@type":"BreadcrumbList","@id":"https:\/\/www.gs-healthcare.de\/werbeagentur-duesseldorf-koeln\/news\/pharma-marketing-fortbildungen\/#breadcrumb","itemListElement":[{"@type":"ListItem","position":1,"name":"Startseite","item":"https:\/\/www.gs-healthcare.de\/werbeagentur-duesseldorf-koeln\/news\/"},{"@type":"ListItem","position":2,"name":"Pharma-Marketing Fortbildungen"}]},{"@type":"WebSite","@id":"https:\/\/www.gs-healthcare.de\/werbeagentur-duesseldorf-koeln\/news\/#website","url":"https:\/\/www.gs-healthcare.de\/werbeagentur-duesseldorf-koeln\/news\/","name":"Meusel Healthcare News","description":"Werbe- und Fachagentur f\u00fcr Gesundheitkommunikation","publisher":{"@id":"https:\/\/www.gs-healthcare.de\/werbeagentur-duesseldorf-koeln\/news\/#organization"},"potentialAction":[{"@type":"SearchAction","target":{"@type":"EntryPoint","urlTemplate":"https:\/\/www.gs-healthcare.de\/werbeagentur-duesseldorf-koeln\/news\/?s={search_term_string}"},"query-input":"required name=search_term_string"}],"inLanguage":"de"},{"@type":"Organization","@id":"https:\/\/www.gs-healthcare.de\/werbeagentur-duesseldorf-koeln\/news\/#organization","name":"meusel healthcare Gmbh & Co. KG","url":"https:\/\/www.gs-healthcare.de\/werbeagentur-duesseldorf-koeln\/news\/","logo":{"@type":"ImageObject","inLanguage":"de","@id":"https:\/\/www.gs-healthcare.de\/werbeagentur-duesseldorf-koeln\/news\/#\/schema\/logo\/image\/","url":"https:\/\/www.gs-healthcare.de\/werbeagentur-duesseldorf-koeln\/news\/wp-content\/uploads\/2019\/08\/logo_meusel_healthcare.png","contentUrl":"https:\/\/www.gs-healthcare.de\/werbeagentur-duesseldorf-koeln\/news\/wp-content\/uploads\/2019\/08\/logo_meusel_healthcare.png","width":129,"height":49,"caption":"meusel healthcare Gmbh & Co. KG"},"image":{"@id":"https:\/\/www.gs-healthcare.de\/werbeagentur-duesseldorf-koeln\/news\/#\/schema\/logo\/image\/"}}]}},"_links":{"self":[{"href":"https:\/\/www.gs-healthcare.de\/werbeagentur-duesseldorf-koeln\/news\/wp-json\/wp\/v2\/pages\/1219"}],"collection":[{"href":"https:\/\/www.gs-healthcare.de\/werbeagentur-duesseldorf-koeln\/news\/wp-json\/wp\/v2\/pages"}],"about":[{"href":"https:\/\/www.gs-healthcare.de\/werbeagentur-duesseldorf-koeln\/news\/wp-json\/wp\/v2\/types\/page"}],"author":[{"embeddable":true,"href":"https:\/\/www.gs-healthcare.de\/werbeagentur-duesseldorf-koeln\/news\/wp-json\/wp\/v2\/users\/2"}],"replies":[{"embeddable":true,"href":"https:\/\/www.gs-healthcare.de\/werbeagentur-duesseldorf-koeln\/news\/wp-json\/wp\/v2\/comments?post=1219"}],"version-history":[{"count":13,"href":"https:\/\/www.gs-healthcare.de\/werbeagentur-duesseldorf-koeln\/news\/wp-json\/wp\/v2\/pages\/1219\/revisions"}],"predecessor-version":[{"id":1244,"href":"https:\/\/www.gs-healthcare.de\/werbeagentur-duesseldorf-koeln\/news\/wp-json\/wp\/v2\/pages\/1219\/revisions\/1244"}],"wp:featuredmedia":[{"embeddable":true,"href":"https:\/\/www.gs-healthcare.de\/werbeagentur-duesseldorf-koeln\/news\/wp-json\/wp\/v2\/media\/1220"}],"wp:attachment":[{"href":"https:\/\/www.gs-healthcare.de\/werbeagentur-duesseldorf-koeln\/news\/wp-json\/wp\/v2\/media?parent=1219"}],"curies":[{"name":"wp","href":"https:\/\/api.w.org\/{rel}","templated":true}]}}